{"id":122,"date":"2023-09-17T05:52:45","date_gmt":"2023-09-17T05:52:45","guid":{"rendered":"https:\/\/senpaimx.com\/cmr\/?page_id=122"},"modified":"2023-09-17T05:52:45","modified_gmt":"2023-09-17T05:52:45","slug":"aviso-de-privacidad","status":"publish","type":"page","link":"https:\/\/senpaimx.com\/cmr\/aviso-de-privacidad\/","title":{"rendered":"Aviso de Privacidad"},"content":{"rendered":"\n<p><\/p>\n\n\n\n<p>En vigor desde el 31 de julio de 2023.<\/p>\n\n\n\n<p>Informaci\u00f3n del Responsable<\/p>\n\n\n\n<p>Para CMR lo m\u00e1s importante son sus clientes, por lo que se preocupa y ocupa de cuidar los datos personales que le son proporcionados a trav\u00e9s del sitio Web CMR.MX, de cualquiera de los sitios Web de sus sociedades afiliadas o subsidiarias (en adelante y conjuntamente, los \u201csitios Web\u201d o el \u201csitio Web\u201d), y de las diferentes v\u00edas por las cuales CMR recaba datos personales. CMR tiene el compromiso de proteger su privacidad y cumplir con todas las leyes pertinentes sobre la protecci\u00f3n y la privacidad de sus datos. El presente Aviso de Privacidad (en adelante, el \u201cAviso\u201d) explica c\u00f3mo procesamos sus datos personales. A lo largo de este Aviso, las expresiones \u201cdatos personales\u201d, \u201cdatos\u201d o \u201cinformaci\u00f3n personal\u201d se refieren a cualquier informaci\u00f3n concerniente a una persona f\u00edsica identificada o identificable. El t\u00e9rmino \u201cCMR\u201d se refiere a CMR, S.A.B. de C.V., incluidas sus sociedades afiliadas y subsidiarias (tambi\u00e9n se hace referencia a CMR al usar los t\u00e9rminos \u201cnosotros\u201d, \u201cnuestro\u201d u otros similares). Si Usted ha sido enlazado al presente Aviso mediante otro sitio Web, significa que el sitio por el cual ingres\u00f3 pertenece a una sociedad afiliada, subsidiaria o empresa del mismo grupo de inter\u00e9s de CMR y, por ende, aplica el presente Aviso al tratamiento de sus datos personales.<\/p>\n\n\n\n<p>Mediante otros avisos, extractos o v\u00ednculos relacionados, podemos proporcionar informaci\u00f3n adicional sobre su privacidad en relaci\u00f3n con nuestros servicios relativos a datos personales espec\u00edficos. Los t\u00e9rminos de dichos otros avisos, extractos o v\u00ednculos relacionados prevalecer\u00e1n sobre el presente Aviso en caso de presentarse alg\u00fan conflicto.<\/p>\n\n\n\n<p>En raz\u00f3n de lo anterior y en cumplimiento a lo establecido por los art\u00edculos 8, 15, 16, 33, 36 y dem\u00e1s relativos de la Ley Federal de Protecci\u00f3n de Datos Personales en Posesi\u00f3n de los Particulares (tambi\u00e9n referida en el presente Aviso como la \u201cLey\u201d) y su Reglamento, hacemos de su conocimiento que CMR es el responsable del uso y protecci\u00f3n de los datos personales que nos proporcione, por lo que hemos implementado las medidas de seguridad necesarias para mantener en todo momento su informaci\u00f3n personal confidencial y segura de cualquier intento de vulneraci\u00f3n.<\/p>\n\n\n\n<p>Asimismo, le informamos que nuestro domicilio se encuentra ubicado en:<\/p>\n\n\n\n<p>Havre No. 30., Colonia Ju\u00e1rez<\/p>\n\n\n\n<p>Alcald\u00eda Cuauht\u00e9moc<\/p>\n\n\n\n<p>C.P. 06600, M\u00e9xico, Ciudad de M\u00e9xico.<\/p>\n\n\n\n<p>Al utilizar este o cualquiera de los sitios Web de cualquier afiliada o subsidiaria de CMR o al enviar cualquier tipo de datos personales a CMR, Usted acepta el procesamiento de sus datos personales de la forma que se explica en el presente Aviso. Si Usted no acepta este Aviso, por favor no proporcione sus datos personales ni utilice este sitio Web o cualquier otro relacionado con CMR, ya que el mismo le es aplicable a todos ellos, ni proporcione sus datos personales a CMR o a cualquiera de sus sociedades subsidiarias o afiliadas.<\/p>\n\n\n\n<p>Sitios incluidos en este Aviso de Privacidad CMR es una empresa mexicana, formada por entidades legales, procedimientos comerciales, estructuras de administraci\u00f3n y sistemas t\u00e9cnicos aplicados en los Estados Unidos Mexicanos. El presente Aviso se aplica a todos los sitios Web propiedad de CMR, as\u00ed como a aquellos que son propiedad de las sociedades afiliadas y subsidiarias que CMR posee en su totalidad, salvo que un sitio Web de CMR haya una declaraci\u00f3n de privacidad especifica referida a un programa o servicio particular, en cuyo caso aplicar\u00e1 dicha declaraci\u00f3n de privacidad especifica en vez del presente<\/p>\n\n\n\n<p>Aviso.<\/p>\n\n\n\n<p>Intenci\u00f3n del Aviso de Privacidad Es importante informarle que la Ley Federal de Protecci\u00f3n de Datos Personales en Posesi\u00f3n de los Particulares y su Reglamento protegen su informaci\u00f3n personal de usos no autorizados y sin su consentimiento, por lo que el presente documento har\u00e1 de su conocimiento la informaci\u00f3n que recabamos de Usted, para qu\u00e9 y c\u00f3mo la usamos, las posibles transferencias a terceros, las finalidades del tratamiento de sus datos, sus Derechos ARCO (seg\u00fan dicho t\u00e9rmino se encuentra definido m\u00e1s adelante), as\u00ed como la revocaci\u00f3n de su consentimiento al uso de sus datos, los cuales Usted puede hacer valer ante CMR con el objetivo de que Usted tenga pleno control y decisi\u00f3n sobre sus datos personales. Por este motivo, le recomendamos que lea atentamente la siguiente informaci\u00f3n:<\/p>\n\n\n\n<p>El presente Aviso se pone a su disposici\u00f3n con la intenci\u00f3n de que Usted, en su car\u00e1cter de Titular de los datos personales proporcionados, tenga conocimiento del tratamiento que se dar\u00e1 a los mismos, as\u00ed como de la informaci\u00f3n precisa para ejercer sus derechos de acceso, rectificaci\u00f3n, cancelaci\u00f3n y oposici\u00f3n (en adelante, \u201cDerechos ARCO\u201d), as\u00ed como la revocaci\u00f3n de su consentimiento para el tratamiento de sus datos. A continuaci\u00f3n se describen sus Derechos<\/p>\n\n\n\n<p>ARCO:<\/p>\n\n\n\n<p>Acceso: Derecho a acceder a sus datos personales en posesi\u00f3n de CMR, a excepci\u00f3n de los casos mencionados en la Ley.<\/p>\n\n\n\n<p>Rectificaci\u00f3n: Derecho a rectificar sus datos personales cuando estos sean inexactos o incompletos.<\/p>\n\n\n\n<p>Cancelaci\u00f3n: Derecho en todo momento a cancelar sus datos personales, a excepci\u00f3n de los casos mencionados en la Ley.<\/p>\n\n\n\n<p>Oposici\u00f3n: Derecho en todo momento y por causa leg\u00edtima a oponerse al tratamiento de sus datos personales.<\/p>\n\n\n\n<p>Revocaci\u00f3n: Derecho en todo momento a revocar su consentimiento para el tratamiento espec\u00edfico de sus datos personales.<\/p>\n\n\n\n<p>El presente Aviso es aplicable para los Titulares de datos personales obtenidos directa, indirecta o personalmente por CMR, a trav\u00e9s de procesos de reservaci\u00f3n, contrataci\u00f3n de servicios, solicitudes de informaci\u00f3n, procesos de reclutamiento, as\u00ed como de los distintos formularios contenidos en sus sitios Web o cualquier otro medio especificado para tales efectos, que hagan referencia al presente Aviso.<\/p>\n\n\n\n<p>Formas de obtenci\u00f3n de su informaci\u00f3n CMR obtiene, almacena y trata su informaci\u00f3n personal en virtud de la actual o futura relaci\u00f3n jur\u00eddica que existe con Usted, as\u00ed como las diferentes actividades relacionadas con los servicios que prestan CMR y sus sociedades afiliadas y subsidiarias. CMR puede obtener sus datos personales cuando Usted los entregue en forma f\u00edsica a alguno de nuestros empleados o autorizados, directamente cuando nos los haga llegar Usted o su representante legal a trav\u00e9s de los medios tecnol\u00f3gicos o de correspondencia designados para tal efecto e indirectamente a trav\u00e9s de bases de datos p\u00fablicas o de terceros.<\/p>\n\n\n\n<p>La informaci\u00f3n que recabamos<\/p>\n\n\n\n<p>Entre la informaci\u00f3n personal que CMR obtiene directa, indirecta o personalmente por parte de sus usuarios, clientes, asociados, encargados, proveedores, candidatos y\/o cualquier persona relacionada con los servicios que prestamos, se encuentran los mencionados en la siguiente clasificaci\u00f3n:<\/p>\n\n\n\n<p>1. Identificaci\u00f3n: Tel\u00e9fono fijo, celular, correo electr\u00f3nico, n\u00famero de identificaci\u00f3n, domicilio, fecha de nacimiento, sexo, Registro Federal de Contribuyentes, CURP y contrase\u00f1a de servicio.<\/p>\n\n\n\n<p>2. Laborales: puesto, \u00e1rea o departamento, ocupaci\u00f3n, domicilio de trabajo, correo electr\u00f3nico de trabajo, tel\u00e9fono de trabajo, celular de trabajo, referencias, desempe\u00f1o y actividades pasadas y presentes.<\/p>\n\n\n\n<p>3. Acad\u00e9micos: Datos de licenciatura, maestr\u00eda, doctorado, diplomados, instituci\u00f3n, \u00e1rea de estudios, inicio y t\u00e9rmino de estudios, estatus de estudios, conocimientos de c\u00f3mputo e idiomas.<\/p>\n\n\n\n<p>4. Patrimoniales y financieros: n\u00famero de tarjeta bancaria e identificadores de cuentas bancarias.<\/p>\n\n\n\n<p>5. Sensibles: salud pasada o presente.<\/p>\n\n\n\n<p>Datos Sensibles<\/p>\n\n\n\n<p>CMR no solicita Datos Personales Sensibles (seg\u00fan los mismos se encuentran definidos en la Ley) en los sitios Web. En caso de que se recaben datos personales de car\u00e1cter sensible por alguna v\u00eda autorizada por CMR, se solicitar\u00e1 el consentimiento previo y por escrito de su titular.<\/p>\n\n\n\n<p>Protecci\u00f3n<\/p>\n\n\n\n<p>CMR ha implementado medidas tecnol\u00f3gicas de protecci\u00f3n de los datos personales que trata. Sin embargo, y a pesar de contar cada d\u00eda con herramientas m\u00e1s seguras, la protecci\u00f3n de los datos enviados a trav\u00e9s de Internet no se puede garantizar al 100%; por lo que una vez recibidos, se har\u00e1 todo lo posible por salvaguardar la informaci\u00f3n. Para garantizar que los datos personales sean tratados conforme a lo dispuesto en la Ley y su Reglamento, CMR cumple con los siguientes principios:<\/p>\n\n\n\n<p>1.- Se le comunicar\u00e1n las finalidades del tratamiento de sus datos personales recabando solo los datos necesarios para el cumplimiento de dichas finalidades y no se le dar\u00e1 a sus datos un uso distinto al establecido en el presente Aviso.<\/p>\n\n\n\n<p>2.- Se pondr\u00e1n a su disposici\u00f3n herramientas suficientes para verificar que sus datos personales sean correctos y se mantengan actualizados. Si por razones para el cumplimiento de una relaci\u00f3n contractual debemos conservar sus datos, el almacenamiento de los mismos se llevar\u00e1 a cabo conforme a lo dispuesto por el presente Aviso, la Ley aplicable y su Reglamento.<\/p>\n\n\n\n<p>3.- Se han implementado medidas de seguridad para garantizar la protecci\u00f3n de sus datos personales.<\/p>\n\n\n\n<p>El uso que le damos a su informaci\u00f3n personal La informaci\u00f3n que CMR o sus sociedades afiliadas o subsidiarias recopilan para comprender mejor sus necesidades e intereses, nos ayuda para proporcionarle una experiencia personalizada y coherente. Por ejemplo, CMR puede utilizar su informaci\u00f3n para:<\/p>\n\n\n\n<p>\u2022 Ayudarle a completar una transacci\u00f3n o pedido;<\/p>\n\n\n\n<p>\u2022 Prevenir y detectar amenazas a la seguridad, comportamientos fraudulentos u otras actividades maliciosas;<\/p>\n\n\n\n<p>\u2022 Comunicarse con Usted acerca de productos y servicios;<\/p>\n\n\n\n<p>\u2022 Ponerle al d\u00eda sobre nuevos servicios y prestaciones;<\/p>\n\n\n\n<p>\u2022 Proporcionar ofertas de promoci\u00f3n de forma personalizada;<\/p>\n\n\n\n<p>\u2022 Seleccionar el contenido que se le va a comunicar;<\/p>\n\n\n\n<p>\u2022 Evaluar el rendimiento de las iniciativas de marketing, anuncios y sitios Web gestionados por CMR u otras empresas en nombre de CMR;<\/p>\n\n\n\n<p>\u2022 Permitirle participar en concursos y encuestas; y<\/p>\n\n\n\n<p>\u2022 Ponerse en contacto con Usted con relaci\u00f3n a los servicios de CMR.<\/p>\n\n\n\n<p>Asimismo, CMR trata su informaci\u00f3n personal para los siguientes fines:<\/p>\n\n\n\n<p>1. Para el inicio, cumplimiento, mantenimiento, negociaci\u00f3n y terminaci\u00f3n de la relaci\u00f3n jur\u00eddica entre CMR y Usted;<\/p>\n\n\n\n<p>2. Para el funcionamiento, gesti\u00f3n, facturaci\u00f3n electr\u00f3nica, cobranza, administraci\u00f3n, prestaci\u00f3n, ampliaci\u00f3n y mejora de nuestros servicios;<\/p>\n\n\n\n<p>3. Para otorgar el acceso a los sitios Web;<\/p>\n\n\n\n<p>4. Para la entrega de notificaciones, cartas o boletines informativos o atenci\u00f3n a sus solicitudes relacionadas con los servicios que prestamos;<\/p>\n\n\n\n<p>5. Para ayudarle a completar una reservaci\u00f3n o registro a promociones que se hayan realizado o se realicen en los sitios Web;<\/p>\n\n\n\n<p>6. Para la transferencia de su informaci\u00f3n personal en los casos aplicables de conformidad con el apartado CON QUI\u00c9N PODEMOS COMPARTIR SU INFORMACI\u00d3N del presente Aviso;<\/p>\n\n\n\n<p>7. Para la prevenci\u00f3n o denuncia ante diferentes autoridades de actos o hechos il\u00edcitos;<\/p>\n\n\n\n<p>8. Para el env\u00edo de publicidad y ofertas de las promociones existentes y nuevas que ofrecemos a trav\u00e9s de e-mail marketing, publicidad f\u00edsica y telef\u00f3nica de forma personalizada o de prospecci\u00f3n comercial, por medio de CMR, sus subsidiarias, afiliadas o terceros. Al final de este Aviso Usted podr\u00e1 manifestar su consentimiento para estos efectos;<\/p>\n\n\n\n<p>9. Para el mantenimiento de la relaci\u00f3n laboral, pago de n\u00f3mina, campa\u00f1as de salud al personal y cumplimiento a las disposiciones de seguridad social aplicables, actividades de mejora al ambiente laboral, as\u00ed como la contrataci\u00f3n a nombre de los empleados de CMR de todo tipo de seguros y\/o servicios a solicitud de los mismos;<\/p>\n\n\n\n<p>10. Para dar cumplimiento al ejercicio de sus Derechos ARCO, as\u00ed como revocar su consentimiento al tratamiento de sus datos;<\/p>\n\n\n\n<p>11. Para el cumplimiento de las relaciones contractuales con CMR o sus sociedades afiliadas o subsidiarias, en las cuales sus datos \u00fanica y exclusivamente podr\u00e1n ser tratados para el cumplimiento de los fines objeto de dicha relaci\u00f3n, ya sea como cliente o proveedor, en la forma y t\u00e9rminos establecidos en el presente apartado de uso de su informaci\u00f3n personal.<\/p>\n\n\n\n<p>Con qui\u00e9n podemos compartir su informaci\u00f3n CMR, para la correcta prestaci\u00f3n de sus servicios y en cumplimiento con la Ley Federal de Protecci\u00f3n de Datos Personales en Posesi\u00f3n de los Particulares y su Reglamento, podr\u00e1 remitir y\/o transferir a sus subsidiarias, afiliadas, empresas del mismo grupo, encargados, terceros nacionales o extranjeros en forma parcial o total, su informaci\u00f3n personal, para el cumplimiento de alguna o algunas de las finalidades se\u00f1aladas en el presente documento, en los siguientes casos:<\/p>\n\n\n\n<p>1. A personas afiliadas y\/o relacionadas con CMR para fines de comprobaci\u00f3n, revisi\u00f3n y certificaci\u00f3n en materia fiscal, administrativa, o laboral;<\/p>\n\n\n\n<p>2. Al Servicio de Administraci\u00f3n Tributaria y empresas prestadoras de servicios de facturaci\u00f3n electr\u00f3nica, en virtud de los procesos de emisi\u00f3n y env\u00edo de Comprobantes Fiscales Digitales por Internet;<\/p>\n\n\n\n<p>3. A compa\u00f1\u00edas afiliadas o no afiliadas que asisten, apoyan o coadyuvan a CMR para el efectivo cumplimiento de la prestaci\u00f3n de sus servicios, env\u00edo por correo electr\u00f3nico de informaci\u00f3n relativa a nuestros servicios y ofertas, negociaciones o para la prestaci\u00f3n de sus servicios con terceros;<\/p>\n\n\n\n<p>4. A encargados para proteger y defender los intereses y derechos de Usted, CMR y\/u otros terceros;<\/p>\n\n\n\n<p>5. A encargados, para la contrataci\u00f3n a nombre de los empleados de CMR de todo tipo de seguros y\/o servicios a solicitud de los mismos;<\/p>\n\n\n\n<p>6. A encargados, para proteger la seguridad y\/o intereses de Usted, del personal y afiliados de CMR, de sus clientes y proveedores o del p\u00fablico en general;<\/p>\n\n\n\n<p>7. A distintas autoridades para el desahogo de requerimientos o por constar estos en alg\u00fan tipo de legislaci\u00f3n o normatividad;<\/p>\n\n\n\n<p>8. Asimismo, se podr\u00e1 llevar a cabo la remisi\u00f3n de sus datos personales a Encargados de CMR para el cumplimiento de aquellas finalidades que dieron origen al tratamiento de sus datos personales, para el cumplimiento de una relaci\u00f3n jur\u00eddica o laboral seg\u00fan sea el caso, y cuando sea necesario, para la realizaci\u00f3n de actividades derivadas de la relaci\u00f3n jur\u00eddica con Usted. Todo esto en el entendido que se tratar\u00e1n sus datos personales \u00fanicamente conforme a las instrucciones de CMR y del presente Aviso, previo compromiso de los receptores de los datos de guardar confidencialidad de los datos personales que sean remitidos y resguardarlos bajo las mismas medidas de seguridad establecidas por CMR.<\/p>\n\n\n\n<p>9. Los datos personales ser\u00e1n suprimidos una vez que la relaci\u00f3n jur\u00eddica se haya cumplido, por instrucciones de CMR o derivado del ejercicio de sus Derechos ARCO, por lo que el Encargado deber\u00e1 suprimir los datos personales, excepto cuando sea exigible su conservaci\u00f3n conforme a las leyes aplicables.<\/p>\n\n\n\n<p>10. Los Encargados no podr\u00e1n transferir a su vez los datos personales que les hayan sido remitidos salvo que sea necesario para dar cumplimiento a su relaci\u00f3n contractual con CMR o a las finalidades previstas en el presente Aviso.<\/p>\n\n\n\n<p>11. Cuando se transfieran datos personales a terceros y se realicen cambios en las finalidades autorizadas, Usted podr\u00e1 revisar dichos cambios de la manera establecida en el apartado ACTUALIZACIONES Y\/O MODIFICACIONES del presente Aviso. Utilizaci\u00f3n de herramientas para la recopilaci\u00f3n autom\u00e1tica de datos Las cookies son archivos de texto que son descargados autom\u00e1ticamente y almacenados en el disco duro del equipo de c\u00f3mputo de un usuario al navegar en una p\u00e1gina de Internet espec\u00edfica, que permiten recordar al servidor de Internet algunos datos sobre este usuario, entre ellos, sus preferencias de compra para la visualizaci\u00f3n de las p\u00e1ginas en ese servidor, nombre y contrase\u00f1a. Por su parte, las Web beacons son im\u00e1genes insertadas en una p\u00e1gina de Internet o correo electr\u00f3nico, que puede ser utilizado para monitorear el comportamiento de un visitante, como almacenar informaci\u00f3n sobre la direcci\u00f3n IP del usuario, duraci\u00f3n del tiempo de interacci\u00f3n en dicha p\u00e1gina y el tipo de navegador utilizado, entre otros. Le informamos que utilizamos cookies y Web beacons para obtener informaci\u00f3n personal de Usted, como la siguiente:<\/p>\n\n\n\n<p>El tipo de navegador y sistema operativo que utiliza; las p\u00e1ginas de Internet que visita en forma previa y posterior a la entrada de los sitios Web de CMR y de sus sociedades afiliadas y subsidiarias; los v\u00ednculos que sigue y permanencia en nuestro sitio; su direcci\u00f3n IP; lugar desde el cual nos visita y estad\u00edsticas de navegaci\u00f3n. Dichas cookies y otras tecnolog\u00edas pueden ser deshabilitadas. Puede buscar informaci\u00f3n sobre los navegadores conocidos y averiguar c\u00f3mo ajustar las preferencias de las cookies en los siguientes sitios Web:<\/p>\n\n\n\n<p>Microsoft Internet Explorer: http:\/\/www.microsoft.com\/info\/cookies.htm<\/p>\n\n\n\n<p>Mozilla Firefox: http:\/\/www.mozilla.org\/projects\/security\/pki\/psm\/help_21\/using_priv_help.html<\/p>\n\n\n\n<p>En el caso de empleo de cookies, el bot\u00f3n de \u201cayuda\u201d que se encuentra en la barra de herramientas de la mayor\u00eda de los navegadores, le dir\u00e1 c\u00f3mo evitar aceptar nuevos cookies, c\u00f3mo hacer que el navegador le notifique cuando recibe un nuevo cookie o c\u00f3mo deshabilitar todos los cookies.<\/p>\n\n\n\n<p>Privacidad de los menores<\/p>\n\n\n\n<p>CMR no recopila de forma intencional la informaci\u00f3n de menores de edad, por lo que se recomienda a los padres y tutores lleven a cabo las actividades de registro en los sitios Web ellos mismos.<\/p>\n\n\n\n<p>Limitaci\u00f3n de uso y divulgaci\u00f3n de informaci\u00f3n En nuestro programa de notificaci\u00f3n de promociones, ofertas y servicios a trav\u00e9s de correo electr\u00f3nico, CMR, sus subsidiarias y encargados tienen acceso a la informaci\u00f3n recabada. Este tipo de publicidad se realiza mediante avisos y mensajes promocionales de correo electr\u00f3nico, los cuales s\u00f3lo ser\u00e1n enviados a Usted y a aquellos contactos registrados para tal prop\u00f3sito. Usted puede modificar esta autorizaci\u00f3n en cualquier momento.<\/p>\n\n\n\n<p>Exclusi\u00f3n de responsabilidad<\/p>\n\n\n\n<p>Nuestro sitio Web podr\u00eda contener enlaces, hiperv\u00ednculos o hipertextos \u201clinks\u201d, banners, botones y\/o herramientas de b\u00fasquedas en Internet que al ser utilizados por los usuarios transportan a otros portales o sitios de Internet que podr\u00edan ser propiedad de terceros. CMR no controla dichos sitios ni se hace responsable por los avisos de privacidad que ostenten, los datos personales que los usuarios llegasen a proporcionar a trav\u00e9s de estos portales o sitios de Internet distintos a los sitios Web no son responsabilidad de CMR ni de sus sociedades afiliadas y subsidiarias, por lo que deber\u00e1 verificar el aviso de privacidad en cada sitio al que acceda.<\/p>\n\n\n\n<p>Asimismo, podemos facilitar en nuestro sitio Web funciones de medios sociales que le permiten compartir la informaci\u00f3n del sitio Web en dichas redes e interactuar con CMR en diversos sitios de esta naturaleza. La utilizaci\u00f3n de estas funciones puede implicar que se recabe o comparta informaci\u00f3n sobre Usted, lo cual depender\u00e1 de cada funci\u00f3n concreta. Le recomendamos que revise la configuraci\u00f3n y las pol\u00edticas de privacidad de los sitios de los medios sociales con los que interact\u00faa para asegurarse de que comprende la informaci\u00f3n que se podr\u00eda compartir en dichos sitios.<\/p>\n\n\n\n<p>Ejercicio de sus Derechos ARCO<\/p>\n\n\n\n<p>CMR vela en todo momento por el cumplimiento de los principios de protecci\u00f3n de los datos personales que trata. Por este motivo, Usted, en su car\u00e1cter de Titular de los datos personales o su representante legal debidamente acreditado, podr\u00e1 limitar el uso o divulgaci\u00f3n de sus datos personales, as\u00ed como revocar su consentimiento para su tratamiento. Para cualquier duda o aclaraci\u00f3n con respecto al uso de sus datos personales, hemos implementado un sistema de quejas y sugerencias relativas al uso que damos a los datos personales que recabamos, mediante el n\u00famero telef\u00f3nico (55) 5263 6951.<\/p>\n\n\n\n<p>De la misma forma, Usted podr\u00e1 ejercer los derechos de acceso, rectificaci\u00f3n, cancelaci\u00f3n u oposici\u00f3n que la Ley prev\u00e9 mediante una solicitud enviada al correo electr\u00f3nico infoprivacidad@cmr.mx o directamente en nuestras oficinas, donde se le brindar\u00e1 atenci\u00f3n a su solicitud y\/o resolver\u00e1 cualquier duda con respecto al contenido de este Aviso. Para facilitar su solicitud, a continuaci\u00f3n ponemos a su disposici\u00f3n un modelo de texto para ejercer sus Derechos ARCO:<\/p>\n\n\n\n<p>CMR, S.A.B. DE C.V. (CMR)<\/p>\n\n\n\n<p>Havre No. 30<\/p>\n\n\n\n<p>Col. Ju\u00e1rez, Alcald\u00eda Cuauht\u00e9moc<\/p>\n\n\n\n<p>06600 M\u00e9xico, Ciudad de M\u00e9xico<\/p>\n\n\n\n<p>Atenci\u00f3n: Departamento de Datos Personales (Jur\u00eddico).<\/p>\n\n\n\n<p>Referencia: Solicitud de ejercicio de Derechos en materia de Datos Personales.<\/p>\n\n\n\n<p>Estimados Se\u00f1ores,<\/p>\n\n\n\n<p>Por la presente solicito: _______ (breve descripci\u00f3n clara y precisa de los datos personales con respecto a los que pretenda ejercer un derecho, as\u00ed como el derecho que desea ejercer), para lo cual me identifico con ______ (se\u00f1alar el documento oficial con el cual se identifica). Todo ello de conformidad con el aviso de privacidad de su empresa.<\/p>\n\n\n\n<p>Atentamente,<\/p>\n\n\n\n<p>Nombre y firma del titular de los datos o su representante legal (por su seguridad, se podr\u00e1 solicitar el documento de identificaci\u00f3n correspondiente y el documento comprobatorio de las facultades del representante).\u201d<\/p>\n\n\n\n<p>Actualizaciones y\/o modificaciones<\/p>\n\n\n\n<p>Cualquier modificaci\u00f3n o actualizaci\u00f3n al presente Aviso ser\u00e1 publicada en el sitio Web CMR.MX para que, en caso de considerarlo necesario, manifieste su oposici\u00f3n al nuevo tratamiento que se dar\u00eda a sus datos personales.<\/p>\n\n\n\n<p>Aceptaci\u00f3n de los T\u00e9rminos<\/p>\n\n\n\n<p>Este Aviso est\u00e1 sujeto a los t\u00e9rminos y condiciones de todos los sitios Web de CMR y de sus sociedades afiliadas y\/o subsidiarias, lo cual constituye un acuerdo legal entre el Usted y CMR.<\/p>\n\n\n\n<p>Si Usted utiliza los servicios en cualquiera de los sitios de CMR, sus afiliadas y\/o subsidiarias, significa que ha le\u00eddo, entendido y acordado los t\u00e9rminos contenidos en el presente Aviso o en el aviso respectivo. Si no est\u00e1 de acuerdo con los mismos, Usted no deber\u00e1 proporcionar informaci\u00f3n personal alguna, ni utilizar los servicios de los sitios Web de CMR o de sus sociedades afiliadas o subsidiarias.<\/p>\n\n\n\n<p>Si Usted acepta haber le\u00eddo el presente Aviso y no manifiesta su oposici\u00f3n para que sus datos personales sean tratados o transferidos, se entender\u00e1 que ha otorgado su consentimiento para ello.<\/p>\n\n\n\n<p>Fecha de \u00faltima actualizaci\u00f3n: 20 de abril de 2021.<\/p>\n","protected":false},"excerpt":{"rendered":"<p>En vigor desde el 31 de julio de 2023. Informaci\u00f3n del Responsable Para CMR lo [&hellip;]<\/p>\n","protected":false},"author":1,"featured_media":0,"parent":0,"menu_order":0,"comment_status":"closed","ping_status":"closed","template":"","meta":{"inline_featured_image":false,"footnotes":""},"class_list":["post-122","page","type-page","status-publish","hentry"],"acf":[],"_links":{"self":[{"href":"https:\/\/senpaimx.com\/cmr\/wp-json\/wp\/v2\/pages\/122","targetHints":{"allow":["GET"]}}],"collection":[{"href":"https:\/\/senpaimx.com\/cmr\/wp-json\/wp\/v2\/pages"}],"about":[{"href":"https:\/\/senpaimx.com\/cmr\/wp-json\/wp\/v2\/types\/page"}],"author":[{"embeddable":true,"href":"https:\/\/senpaimx.com\/cmr\/wp-json\/wp\/v2\/users\/1"}],"replies":[{"embeddable":true,"href":"https:\/\/senpaimx.com\/cmr\/wp-json\/wp\/v2\/comments?post=122"}],"version-history":[{"count":1,"href":"https:\/\/senpaimx.com\/cmr\/wp-json\/wp\/v2\/pages\/122\/revisions"}],"predecessor-version":[{"id":123,"href":"https:\/\/senpaimx.com\/cmr\/wp-json\/wp\/v2\/pages\/122\/revisions\/123"}],"wp:attachment":[{"href":"https:\/\/senpaimx.com\/cmr\/wp-json\/wp\/v2\/media?parent=122"}],"curies":[{"name":"wp","href":"https:\/\/api.w.org\/{rel}","templated":true}]}}